{"id":2,"date":"2016-05-10T03:48:21","date_gmt":"2016-05-10T03:48:21","guid":{"rendered":"https:\/\/fugu-performance.ch\/?page_id=2"},"modified":"2023-05-05T21:29:58","modified_gmt":"2023-05-05T21:29:58","slug":"sample-page","status":"publish","type":"page","link":"https:\/\/fugu-performance.ch\/?page_id=2","title":{"rendered":"About Us"},"content":{"rendered":"<p>Wir sind zwei Freunde, die ihre Leidenschaft und ihr Hobby zum Beruf gemacht haben.<\/p>\n<p>Was als gemeinsames Interesse an Autos begann, hat sich zu einer erf\u00fcllenden und lohnenden Karriere entwickelt.<\/p>\n<p>Wir sind stolz darauf, unseren Kunden hochwertige Tuningteile und Zubeh\u00f6r anzubieten und ihnen zu helfen, ihre automobilen Tr\u00e4ume zu verwirklichen.<\/p>\n<p>Wir sind leidenschaftlich, professionell und engagiert, wenn es um das Tuning von Fahrzeugen geht.<\/p>\n<p>Unsere Kunden sch\u00e4tzen unser Fachwissen, unseren exzellenten Kundenservice und unsere Liebe zum Detail.<\/p>\n<p>Wir freuen uns darauf, dich kennenzulernen und dir bei der Verwirklichung deiner Tuning-Projekte zu helfen!<\/p>\n","protected":false},"excerpt":{"rendered":"<p>Wir sind zwei Freunde, die ihre Leidenschaft und ihr Hobby zum Beruf gemacht haben. Was als gemeinsames Interesse an Autos begann, hat sich zu einer erf\u00fcllenden und lohnenden Karriere entwickelt. Wir sind stolz darauf, unseren Kunden hochwertige Tuningteile und Zubeh\u00f6r anzubieten und ihnen zu helfen, ihre automobilen Tr\u00e4ume zu verwirklichen. Wir sind leidenschaftlich, professionell und [&hellip;]<\/p>\n","protected":false},"author":1,"featured_media":0,"parent":0,"menu_order":0,"comment_status":"closed","ping_status":"closed","template":"","meta":[],"_links":{"self":[{"href":"https:\/\/fugu-performance.ch\/index.php?rest_route=\/wp\/v2\/pages\/2"}],"collection":[{"href":"https:\/\/fugu-performance.ch\/index.php?rest_route=\/wp\/v2\/pages"}],"about":[{"href":"https:\/\/fugu-performance.ch\/index.php?rest_route=\/wp\/v2\/types\/page"}],"author":[{"embeddable":true,"href":"https:\/\/fugu-performance.ch\/index.php?rest_route=\/wp\/v2\/users\/1"}],"replies":[{"embeddable":true,"href":"https:\/\/fugu-performance.ch\/index.php?rest_route=%2Fwp%2Fv2%2Fcomments&post=2"}],"version-history":[{"count":1,"href":"https:\/\/fugu-performance.ch\/index.php?rest_route=\/wp\/v2\/pages\/2\/revisions"}],"predecessor-version":[{"id":56,"href":"https:\/\/fugu-performance.ch\/index.php?rest_route=\/wp\/v2\/pages\/2\/revisions\/56"}],"wp:attachment":[{"href":"https:\/\/fugu-performance.ch\/index.php?rest_route=%2Fwp%2Fv2%2Fmedia&parent=2"}],"curies":[{"name":"wp","href":"https:\/\/api.w.org\/{rel}","templated":true}]}}